{"id":1,"date":"2019-09-04T14:57:03","date_gmt":"2019-09-04T14:57:03","guid":{"rendered":"https:\/\/www.escolaniadelospalacios.es\/new\/?p=1"},"modified":"2024-06-30T16:25:49","modified_gmt":"2024-06-30T16:25:49","slug":"home","status":"publish","type":"page","link":"https:\/\/www.escolaniadelospalacios.es\/new\/","title":{"rendered":"Home"},"content":{"rendered":"<div>\n<p>    <img decoding=\"async\" src=\"\/new\/wp-content\/uploads\/2024\/05\/directorycoroprincipal.jpg\" alt=\"\"><\/p>\n<h2>Escolan\u00eda de los Palacios<\/h2>\n<p>Coro de voces blancas<\/p>\n<p><a href=\"https:\/\/www.youtube.com\/watch?v=T7KbYHK5vak\">Video de nuestra historia<\/a><\/p>\n<\/div>\n<h2>Nosotros<\/h2>\n<h2>Creada en 2001 por Enrique Cabello, quien la dirigi\u00f3 hasta 2009, a\u00f1o en que se hizo cargo de la direcci\u00f3n musical Juan Manuel Busto.<\/h2>\n<div>\n<p>Est\u00e1 formada por 80 menores de 4 a 17 a\u00f1os, seleccionados en diversos centros escolares de la localidad por sus notables cualidades musicales. Los componentes de esta agrupaci\u00f3n reciben clases de t\u00e9cnica respiratoria, vocalizaci\u00f3n e interpretaci\u00f3n acordes a sus tempranas edades. Actualmente posee un repertorio variado de c\u00e1nones, villancicos navide\u00f1os, temas cl\u00e1sicos y populares a dos y tres voces iguales, as\u00ed como fragmentos de diversas sinfon\u00edas corales, de zarzuela y de \u00f3pera.<\/p>\n<\/div>\n<p>\n    <a href=\"\/new\/index.php?page_id=4\">Leer m\u00e1s<\/a>\n<\/p>\n<ul>\n<li>\n<p><img decoding=\"async\" src=\"\/new\/wp-content\/uploads\/2024\/05\/nosotros1imagen.png\" alt=\"\"><\/p>\n<h3> &#8211; Our Team<\/h3>\n<p><a href=\"\/new\/index.php?page_id=8\"><\/a><\/p>\n<\/li>\n<li>\n<p><img decoding=\"async\" src=\"\/new\/wp-content\/uploads\/2024\/05\/nosotros2imagen.png\" alt=\"\"><\/p>\n<h3>Our Office in London<\/h3>\n<p><a href=\"\/new\/index.php?page_id=4#office\"><\/a><\/p>\n<\/li>\n<\/ul>\n<ul>\n<li>\n<p>        <img decoding=\"async\" src=\"\/new\/wp-content\/uploads\/2024\/05\/conciertos2.png\" alt=\"\"><\/p>\n<div>Conciertos<\/div>\n<p><a href=\"\/new\/index.php?page_id=19\"><\/a><\/p>\n<\/li>\n<li>\n<p>        <img decoding=\"async\" src=\"\/new\/wp-content\/uploads\/2024\/05\/misas.png\" alt=\"\"><\/p>\n<div>Misas<\/div>\n<p><a href=\"\/new\/index.php?page_id=19\"><\/a><\/p>\n<\/li>\n<li>\n<p>        <img decoding=\"async\" src=\"\/new\/wp-content\/uploads\/2024\/05\/religioso.png\" alt=\"\"><\/p>\n<div>Funciones religiosas<\/div>\n<p><a href=\"\/new\/index.php?page_id=19\"><\/a><\/p>\n<\/li>\n<li>\n<p>        <img decoding=\"async\" src=\"\/new\/wp-content\/uploads\/2024\/05\/bodas.png\" alt=\"\"><\/p>\n<div>Bodas religiosa y civiles<\/div>\n<p><a href=\"\/new\/index.php?page_id=19\"><\/a><\/p>\n<\/li>\n<li>\n<p>        <img decoding=\"async\" src=\"\/new\/wp-content\/uploads\/2024\/05\/obrasliricas.png\" alt=\"Obras l\u00edricas\"><\/p>\n<div>Obras l\u00edricas<\/div>\n<\/li>\n<\/ul>\n<h2>Servicios<\/h2>\n<div>\n<p>Actuamos en:<br \/>Conciertos, Misas, Funciones religiosas, bautizos, comuniones, bodas religiosas y civiles, Obras l\u00edricas (\u00f3peras y zarzuelas) y musicales.<\/p>\n<\/div>\n<p>\n    <a href=\"\/new\/galeria-de-imagenes\/\"><img decoding=\"async\" alt class=\"uk-margin-right\" src=\"\/new\/wp-content\/uploads\/yootheme\/icon-play.svg\" uk-svg loading=\"lazy\">Galeria de imagenes<\/a>\n<\/p>\n<h2>Imagenes<\/h2>\n<p>\n    <a href=\"\/new\/galeria-de-imagenes\/\">Galeria de imagenes<\/a>\n<\/p>\n<ul>\n<li>\n<p>        <img decoding=\"async\" src=\"\/new\/wp-content\/uploads\/2024\/05\/corriendo.jpg\" alt=\"\"><\/p>\n<h3>Chelsea<br \/> Group Tower<\/h3>\n<p><a href=\"\/new\/index.php?page_id=20\">Learn More<\/a><\/p>\n<\/li>\n<li>\n<p>        <img decoding=\"async\" src=\"\/new\/wp-content\/uploads\/2024\/05\/cajacoro.jpg\" alt=\"\"><\/p>\n<h3>Wooden<br \/> Scandinavian Villa<\/h3>\n<p><a href=\"\/new\/index.php?page_id=20\">Learn More<\/a><\/p>\n<\/li>\n<li>\n<p>        <img decoding=\"async\" src=\"\/new\/wp-content\/uploads\/2024\/05\/algabaabout.jpg\" alt=\"\"><\/p>\n<h3>Forest<br \/> Visitor Center<\/h3>\n<p><a href=\"\/new\/index.php?page_id=20\">Learn More<\/a><\/p>\n<\/li>\n<li>\n<p>        <img decoding=\"async\" src=\"\/new\/wp-content\/uploads\/2024\/05\/About_10.jpg\" alt=\"\"><\/p>\n<h3>Elephant<br \/> Office Interior<\/h3>\n<p><a href=\"\/new\/index.php?page_id=20\">Learn More<\/a><\/p>\n<\/li>\n<li>\n<p>        <img decoding=\"async\" src=\"\/new\/wp-content\/uploads\/2024\/05\/01.jpg\" alt=\"\"><\/p>\n<h3>Wookie <br \/>Headquarter Interior<\/h3>\n<p><a href=\"\/new\/index.php?page_id=20\">Learn More<\/a><\/p>\n<\/li>\n<\/ul>\n<p><!--more--><br \/>\n<!-- {\"name\":\"Home\",\"type\":\"layout\",\"children\":[{\"name\":\"Hero\",\"type\":\"section\",\"props\":{\"image_position\":\"center-center\",\"padding\":\"none\",\"padding_remove_top\":false,\"style\":\"default\",\"title_breakpoint\":\"xl\",\"title_position\":\"top-left\",\"title_rotation\":\"left\",\"vertical_align\":\"middle\",\"width\":\"\"},\"children\":[{\"type\":\"row\",\"children\":[{\"type\":\"column\",\"props\":{\"image_position\":\"center-center\",\"position_sticky_breakpoint\":\"m\",\"width_medium\":\"1-1\"},\"children\":[{\"type\":\"slideshow\",\"props\":{\"image_height\":\"1440\",\"image_loading\":true,\"image_width\":\"2560\",\"link_margin\":\"large\",\"link_style\":\"text\",\"link_target\":true,\"link_text\":\"Read more\",\"margin\":\"default\",\"meta_align\":\"above-title\",\"meta_element\":\"div\",\"meta_style\":\"text-meta\",\"nav\":\"dotnav\",\"nav_align\":\"center\",\"nav_below\":false,\"nav_breakpoint\":\"xl\",\"nav_position\":\"bottom-center\",\"nav_position_margin\":\"medium\",\"overlay_animation\":\"parallax\",\"overlay_margin\":\"none\",\"overlay_padding\":\"large\",\"overlay_position\":\"bottom-right\",\"overlay_style\":\"tile-secondary\",\"overlay_width\":\"xlarge\",\"show_content\":true,\"show_link\":true,\"show_meta\":true,\"show_thumbnail\":true,\"show_title\":true,\"slidenav\":\"bottom-left\",\"slidenav_breakpoint\":\"m\",\"slidenav_large\":true,\"slidenav_margin\":\"\",\"slidenav_outside_breakpoint\":\"xl\",\"slideshow_animation\":\"fade\",\"slideshow_autoplay\":true,\"slideshow_autoplay_pause\":false,\"slideshow_height\":\"viewport\",\"slideshow_height_offset_top\":true,\"slideshow_min_height\":\"600\",\"thumbnav_height\":\"75\",\"thumbnav_svg_color\":\"emphasis\",\"thumbnav_width\":\"100\",\"title_element\":\"h2\",\"title_margin\":\"small\",\"title_style\":\"h1\"},\"children\":[{\"type\":\"slideshow_item\",\"props\":{\"image\":\"wp-content\\\/uploads\\\/2024\\\/05\\\/directorycoroprincipal.jpg\",\"link\":\"https:\\\/\\\/www.youtube.com\\\/watch?v=T7KbYHK5vak\",\"link_text\":\"Video de nuestra historia\",\"meta\":\"Coro de voces blancas\",\"title\":\"Escolan\\u00eda de los Palacios\"}}]}]}]}]},{\"name\":\"About\",\"type\":\"section\",\"props\":{\"animation\":\"slide-left-medium\",\"animation_delay\":\"200\",\"css\":\"@media(min-width: 960px) {\\n\\t.el-section > div { padding-top: 280px; }\\n}\\n\\n\",\"image\":\"wp-content\\\/uploads\\\/2024\\\/05\\\/NOSOTRO2.png\",\"image_effect\":\"parallax\",\"image_parallax_bgx\":\"-80,-80\",\"image_parallax_bgy\":\"150,400\",\"image_parallax_easing\":\"1\",\"image_position\":\"top-right\",\"image_width\":500,\"media_visibility\":\"s\",\"padding\":\"xlarge\",\"padding_remove_bottom\":false,\"style\":\"default\",\"title_breakpoint\":\"xl\",\"title_position\":\"top-left\",\"title_rotation\":\"left\",\"vertical_align\":\"middle\",\"width\":\"xlarge\"},\"children\":[{\"type\":\"row\",\"props\":{\"column_gap\":\"large\",\"layout\":\"large,expand\",\"row_gap\":\"large\"},\"children\":[{\"type\":\"column\",\"props\":{\"image_position\":\"center-center\",\"position_sticky_breakpoint\":\"m\",\"width_large\":\"xlarge\"},\"children\":[{\"type\":\"headline\",\"props\":{\"content\":\"Nosotros\",\"title_color\":\"primary\",\"title_element\":\"h2\",\"title_style\":\"h1\"}},{\"type\":\"headline\",\"props\":{\"content\":\"Creada en 2001 por Enrique Cabello, quien la dirigi\\u00f3 hasta 2009, a\\u00f1o en que se hizo cargo de la direcci\\u00f3n musical Juan Manuel Busto.\",\"margin_remove_bottom\":true,\"margin_remove_top\":false,\"title_color\":\"primary\",\"title_element\":\"h2\",\"title_style\":\"h5\"}},{\"type\":\"text\",\"props\":{\"column_breakpoint\":\"m\",\"content\":\"\n\n<p>Est\\u00e1 formada por 80 menores de 4 a 17 a\\u00f1os, seleccionados en diversos centros escolares de la localidad por sus notables cualidades musicales. Los componentes de esta agrupaci\\u00f3n reciben clases de t\\u00e9cnica respiratoria, vocalizaci\\u00f3n e interpretaci\\u00f3n acordes a sus tempranas edades. Actualmente posee un repertorio variado de c\\u00e1nones, villancicos navide\\u00f1os, temas cl\\u00e1sicos y populares a dos y tres voces iguales, as\\u00ed como fragmentos de diversas sinfon\\u00edas corales, de zarzuela y de \\u00f3pera.<\\\/p>\",\"margin\":\"default\",\"margin_remove_top\":false,\"maxwidth\":\"xlarge\"}},{\"type\":\"button\",\"props\":{\"button_size\":\"large\",\"fullwidth\":false,\"grid_column_gap\":\"small\",\"grid_row_gap\":\"small\",\"margin\":\"default\"},\"children\":[{\"type\":\"button_item\",\"props\":{\"button_style\":\"primary\",\"content\":\"Leer m\\u00e1s\",\"icon_align\":\"left\",\"link\":\"index.php?page_id=4\"}}]}]},{\"type\":\"column\",\"props\":{\"image_position\":\"center-center\",\"position_sticky_breakpoint\":\"m\",\"width_large\":\"expand\"},\"children\":[{\"type\":\"grid\",\"props\":{\"animation\":\"slide-left-medium\",\"content_column_breakpoint\":\"m\",\"css\":\"@media (min-width: 960px) {\\n    .uk-first-column > .el-item {\\n        margin-top: 80px;\\n    }\\n}\",\"filter_align\":\"left\",\"filter_all\":true,\"filter_grid_breakpoint\":\"m\",\"filter_grid_width\":\"auto\",\"filter_position\":\"top\",\"filter_style\":\"tab\",\"grid_default\":\"2\",\"grid_medium\":\"\",\"icon_width\":80,\"image_align\":\"top\",\"image_grid_breakpoint\":\"m\",\"image_grid_width\":\"1-2\",\"image_height\":\"700\",\"image_link\":true,\"image_svg_color\":\"emphasis\",\"image_width\":\"530\",\"item_animation\":true,\"link_style\":\"default\",\"link_text\":\"\",\"margin\":\"default\",\"meta_align\":\"below-title\",\"meta_element\":\"div\",\"meta_style\":\"text-meta\",\"parallax_easing\":\"1\",\"show_content\":true,\"show_image\":true,\"show_link\":true,\"show_meta\":true,\"show_title\":true,\"title_align\":\"top\",\"title_element\":\"h3\",\"title_grid_breakpoint\":\"m\",\"title_grid_width\":\"1-2\",\"title_hover_style\":\"reset\",\"title_link\":true,\"title_style\":\"h6\"},\"children\":[{\"type\":\"grid_item\",\"props\":{\"image\":\"wp-content\\\/uploads\\\/2024\\\/05\\\/nosotros1imagen.png\",\"link\":\"index.php?page_id=8\",\"meta\":\"\",\"title\":\" - Our Team\"}},{\"type\":\"grid_item\",\"props\":{\"image\":\"wp-content\\\/uploads\\\/2024\\\/05\\\/nosotros2imagen.png\",\"link\":\"index.php?page_id=4#office\",\"meta\":\"\",\"title\":\"Our Office in London\"}}]}]}]}]},{\"name\":\"Residences\",\"type\":\"section\",\"props\":{\"animation\":\"slide-left-small\",\"animation_delay\":false,\"css\":\"@media(min-width: 640px) {\\n\\t.el-section > div { padding-top: 10vw!important; }\\n}\",\"image\":\"wp-content\\\/uploads\\\/2024\\\/05\\\/fondoservicios4.png\",\"image_height\":1000,\"image_position\":\"top-left\",\"image_size\":\"contain\",\"image_width\":2000,\"media_visibility\":\"s\",\"padding\":\"xlarge\",\"padding_remove_top\":true,\"style\":\"default\",\"title_breakpoint\":\"xl\",\"title_position\":\"top-left\",\"title_rotation\":\"left\",\"vertical_align\":\"middle\",\"width\":\"xlarge\"},\"children\":[{\"type\":\"row\",\"props\":{\"column_gap\":\"large\",\"layout\":\"2-3,1-3\",\"row_gap\":\"large\",\"vertical_align\":false},\"children\":[{\"type\":\"column\",\"props\":{\"image_position\":\"top-left\",\"media_visibility\":\"s\",\"padding\":\"none\",\"position_sticky_breakpoint\":\"m\",\"width_large\":\"2-3\"},\"children\":[{\"type\":\"overlay-slider\",\"props\":{\"animation\":\"slide-left-medium\",\"image_height\":\"700\",\"image_width\":\"520\",\"link_style\":\"default\",\"link_text\":\"\",\"margin\":\"default\",\"meta_align\":\"below-title\",\"meta_element\":\"div\",\"meta_style\":\"text-meta\",\"nav\":\"\",\"nav_align\":\"center\",\"nav_breakpoint\":\"s\",\"overlay_display\":\"hover\",\"overlay_link\":true,\"overlay_mode\":\"cover\",\"overlay_padding\":\"small\",\"overlay_position\":\"bottom-left\",\"overlay_transition\":\"slide-bottom-small\",\"show_content\":true,\"show_hover_image\":true,\"show_link\":true,\"show_meta\":true,\"show_title\":true,\"slidenav\":\"top-right\",\"slidenav_breakpoint\":\"s\",\"slidenav_hover\":false,\"slidenav_large\":false,\"slidenav_margin\":\"medium\",\"slidenav_outside_breakpoint\":\"xl\",\"slider_autoplay\":true,\"slider_autoplay_pause\":true,\"slider_gap\":\"default\",\"slider_width\":\"fixed\",\"slider_width_default\":\"1-1\",\"slider_width_medium\":\"\",\"slider_width_small\":\"1-2\",\"text_align\":\"\",\"text_color\":\"light\",\"title_element\":\"div\",\"title_hover_style\":\"reset\",\"title_style\":\"h5\"},\"children\":[{\"type\":\"overlay-slider_item\",\"props\":{\"image\":\"wp-content\\\/uploads\\\/2024\\\/05\\\/conciertos2.png\",\"link\":\"index.php?page_id=19\",\"title\":\"Conciertos\"}},{\"type\":\"overlay-slider_item\",\"props\":{\"image\":\"wp-content\\\/uploads\\\/2024\\\/05\\\/misas.png\",\"link\":\"index.php?page_id=19\",\"title\":\"Misas\"}},{\"type\":\"overlay-slider_item\",\"props\":{\"image\":\"wp-content\\\/uploads\\\/2024\\\/05\\\/religioso.png\",\"link\":\"index.php?page_id=19\",\"title\":\"Funciones religiosas\"}},{\"type\":\"overlay-slider_item\",\"props\":{\"image\":\"wp-content\\\/uploads\\\/2024\\\/05\\\/bodas.png\",\"link\":\"index.php?page_id=19\",\"title\":\"Bodas religiosa y civiles\"}},{\"type\":\"overlay-slider_item\",\"props\":{\"image\":\"wp-content\\\/uploads\\\/2024\\\/05\\\/obrasliricas.png\",\"image_alt\":\"Obras l\\u00edricas\",\"title\":\"Obras l\\u00edricas\"}}]}]},{\"type\":\"column\",\"props\":{\"image_position\":\"center-center\",\"position_sticky_breakpoint\":\"m\",\"width_large\":\"1-3\"},\"children\":[{\"type\":\"headline\",\"props\":{\"content\":\"Servicios\",\"title_color\":\"primary\",\"title_element\":\"h2\",\"title_style\":\"h1\"}},{\"type\":\"text\",\"props\":{\"column_breakpoint\":\"m\",\"content\":\"\n\n<p>Actuamos en:<br \\\/>Conciertos, Misas, Funciones religiosas, bautizos, comuniones, bodas religiosas y civiles, Obras l\\u00edricas (\\u00f3peras y zarzuelas) y musicales.<\\\/p>\",\"margin\":\"large\"}},{\"type\":\"button\",\"props\":{\"grid_column_gap\":\"small\",\"grid_row_gap\":\"small\",\"margin\":\"default\"},\"children\":[{\"type\":\"button_item\",\"props\":{\"button_style\":\"\",\"content\":\"<img alt class=\\\"uk-margin-right\\\" src=\\\"wp-content\\\/uploads\\\/yootheme\\\/icon-play.svg\\\" uk-svg loading=\\\"lazy\\\">Galeria de imagenes\",\"icon_align\":\"left\",\"link\":\"galeria-de-imagenes\\\/\"}}]}]}]}]},{\"name\":\"Portfolio\",\"type\":\"section\",\"props\":{\"animation\":\"slide-bottom-medium\",\"animation_delay\":\"200\",\"image_position\":\"center-center\",\"padding\":\"xlarge\",\"padding_remove_top\":true,\"style\":\"default\",\"title_breakpoint\":\"xl\",\"title_position\":\"top-left\",\"title_rotation\":\"left\",\"vertical_align\":\"middle\",\"width\":\"\"},\"children\":[{\"type\":\"row\",\"props\":{\"class\":\"uk-flex-bottom\",\"layout\":\"2-3,1-3\",\"margin\":\"large\",\"match\":false,\"vertical_align\":false,\"width\":\"xlarge\"},\"children\":[{\"type\":\"column\",\"props\":{\"image_position\":\"center-center\",\"position_sticky_breakpoint\":\"m\",\"width_medium\":\"2-3\"},\"children\":[{\"type\":\"headline\",\"props\":{\"content\":\"Imagenes\",\"title_color\":\"primary\",\"title_element\":\"h2\",\"title_style\":\"h2\"}}]},{\"type\":\"column\",\"props\":{\"image_position\":\"center-center\",\"position_sticky_breakpoint\":\"m\",\"width_medium\":\"1-3\"},\"children\":[{\"type\":\"button\",\"props\":{\"button_size\":\"large\",\"grid_column_gap\":\"small\",\"grid_row_gap\":\"small\",\"margin\":\"default\",\"text_align\":\"right\",\"text_align_breakpoint\":\"m\"},\"children\":[{\"type\":\"button_item\",\"props\":{\"button_style\":\"primary\",\"content\":\"Galeria de imagenes\",\"icon_align\":\"left\",\"link\":\"galeria-de-imagenes\\\/\"}}]}]}]},{\"type\":\"row\",\"children\":[{\"type\":\"column\",\"props\":{\"image_position\":\"center-center\",\"position_sticky_breakpoint\":\"m\",\"width_medium\":\"1-1\"},\"children\":[{\"type\":\"overlay-slider\",\"props\":{\"image_height\":\"860\",\"image_transition\":\"scale-up\",\"image_width\":\"600\",\"link_style\":\"link-text\",\"link_text\":\"Learn More\",\"margin\":\"default\",\"meta_align\":\"below-title\",\"meta_element\":\"div\",\"meta_margin\":\"small\",\"meta_style\":\"text-meta\",\"nav\":\"\",\"nav_align\":\"center\",\"nav_breakpoint\":\"s\",\"overlay_link\":true,\"overlay_maxwidth\":\"large\",\"overlay_mode\":\"caption\",\"overlay_position\":\"bottom-left\",\"overlay_transition\":\"fade\",\"show_content\":false,\"show_hover_image\":false,\"show_link\":false,\"show_meta\":false,\"show_title\":false,\"slidenav\":\"default\",\"slidenav_breakpoint\":\"s\",\"slidenav_hover\":true,\"slidenav_large\":true,\"slidenav_margin\":\"medium\",\"slidenav_outside_breakpoint\":\"xl\",\"slider_autoplay_pause\":true,\"slider_center\":false,\"slider_gap\":\"default\",\"slider_width\":\"\",\"slider_width_default\":\"4-5\",\"slider_width_large\":\"1-4\",\"slider_width_medium\":\"1-3\",\"slider_width_small\":\"1-2\",\"text_align\":\"left\",\"text_color\":\"light\",\"title_element\":\"h3\",\"title_hover_style\":\"reset\",\"title_style\":\"h4\"},\"children\":[{\"type\":\"overlay-slider_item\",\"props\":{\"content\":\"\",\"image\":\"wp-content\\\/uploads\\\/2024\\\/05\\\/corriendo.jpg\",\"link\":\"index.php?page_id=20\",\"meta\":\"\",\"title\":\"Chelsea<br \/> Group Tower\"}},{\"type\":\"overlay-slider_item\",\"props\":{\"content\":\"\",\"image\":\"wp-content\\\/uploads\\\/2024\\\/05\\\/cajacoro.jpg\",\"link\":\"index.php?page_id=20\",\"meta\":\"\",\"title\":\"Wooden<br \/> Scandinavian Villa\"}},{\"type\":\"overlay-slider_item\",\"props\":{\"content\":\"\",\"image\":\"wp-content\\\/uploads\\\/2024\\\/05\\\/algabaabout.jpg\",\"link\":\"index.php?page_id=20\",\"meta\":\"\",\"title\":\"Forest<br \/> Visitor Center\"}},{\"type\":\"overlay-slider_item\",\"props\":{\"content\":\"\",\"image\":\"wp-content\\\/uploads\\\/2024\\\/05\\\/About_10.jpg\",\"link\":\"index.php?page_id=20\",\"meta\":\"\",\"title\":\"Elephant<br \/> Office Interior\"}},{\"type\":\"overlay-slider_item\",\"props\":{\"content\":\"\",\"image\":\"wp-content\\\/uploads\\\/2024\\\/05\\\/01.jpg\",\"link\":\"index.php?page_id=20\",\"meta\":\"\",\"title\":\"Wookie <br \/>Headquarter Interior\"}}]}]}]}]}],\"version\":\"4.3.13\"} --><\/p>\n","protected":false},"excerpt":{"rendered":"<p>Escolan\u00eda de los Palacios Coro de voces blancas Video de nuestra historia Nosotros Creada en 2001 por Enrique Cabello, quien la dirigi\u00f3 hasta 2009, a\u00f1o en que se hizo cargo de la direcci\u00f3n musical Juan Manuel Busto. Est\u00e1 formada por 80 menores de 4 a 17 a\u00f1os, seleccionados en diversos centros escolares de la localidad [&hellip;]<\/p>\n","protected":false},"author":1,"featured_media":0,"parent":0,"menu_order":5,"comment_status":"open","ping_status":"open","template":"","meta":{"_acf_changed":false,"footnotes":""},"class_list":["post-1","page","type-page","status-publish","hentry"],"acf":[],"jetpack_sharing_enabled":true,"_links":{"self":[{"href":"https:\/\/www.escolaniadelospalacios.es\/new\/wp-json\/wp\/v2\/pages\/1","targetHints":{"allow":["GET"]}}],"collection":[{"href":"https:\/\/www.escolaniadelospalacios.es\/new\/wp-json\/wp\/v2\/pages"}],"about":[{"href":"https:\/\/www.escolaniadelospalacios.es\/new\/wp-json\/wp\/v2\/types\/page"}],"author":[{"embeddable":true,"href":"https:\/\/www.escolaniadelospalacios.es\/new\/wp-json\/wp\/v2\/users\/1"}],"replies":[{"embeddable":true,"href":"https:\/\/www.escolaniadelospalacios.es\/new\/wp-json\/wp\/v2\/comments?post=1"}],"version-history":[{"count":29,"href":"https:\/\/www.escolaniadelospalacios.es\/new\/wp-json\/wp\/v2\/pages\/1\/revisions"}],"predecessor-version":[{"id":1347,"href":"https:\/\/www.escolaniadelospalacios.es\/new\/wp-json\/wp\/v2\/pages\/1\/revisions\/1347"}],"wp:attachment":[{"href":"https:\/\/www.escolaniadelospalacios.es\/new\/wp-json\/wp\/v2\/media?parent=1"}],"curies":[{"name":"wp","href":"https:\/\/api.w.org\/{rel}","templated":true}]}}