{"id":1262,"date":"2024-06-30T14:56:10","date_gmt":"2024-06-30T14:56:10","guid":{"rendered":"https:\/\/www.escolaniadelospalacios.es\/new\/?page_id=1262"},"modified":"2024-10-09T16:20:25","modified_gmt":"2024-10-09T16:20:25","slug":"tatiana_postnikova","status":"publish","type":"page","link":"https:\/\/www.escolaniadelospalacios.es\/new\/tatiana_postnikova\/","title":{"rendered":"Tatiana Postnikova"},"content":{"rendered":"<p><img decoding=\"async\" src=\"\/new\/wp-content\/uploads\/2024\/10\/pilarexposito-1.jpg\" alt=\"\"><\/p>\n<div>Pianista<\/div>\n<h1>Tatiana Postnikova<\/h1>\n<div>\n<p>Naci\u00f3 en Mosc\u00fa en una familia de los m\u00fasicos con grandes tradiciones musicales. Estudi\u00f3 en la Escuela Central de M\u00fasica con los profesores T. Bobovich , E.Ginzburg , y con el catedr\u00e1tico M.Voskresensky. Obtiene la Medalla de Plata de dicha escuela y Diploma de Honor del Conservatorio Superior de Nizni Novgorod Honor en el a\u00f1o 1997 donde estudi\u00f3 bajo la tutela de los catedr\u00e1ticos L.Sor\u00f3chkina e I.Fridman. Ha tenido recitales como solista y acompa\u00f1ada por orquestas en la capital y otras ciudades de Rusia. Ha participado en los concursos nacionales e internacionales, recibiendo distintos Diplomas y Premios. Entre ellos en el Internacional de Thaikovsky de Mosc\u00fa. Ha ofrecido numerosos conciertos de m\u00fasica de c\u00e1mara en Espa\u00f1a y por toda Europa. Realiza varias grabaciones para TV de Rusia Ucrania, Alemania y Espa\u00f1a, ha grabado varios CD en Pa\u00edses de Europa. Desde su fundaci\u00f3n es la pianista titular del \u201cEnsemble Solistas de Sevilla\u201d. Desde el a\u00f1o 1991 es la solista de la Real Orquesta Sinf\u00f3nica de Sevilla. Desde el a\u00f1o 2003 colabora con la Escolan\u00eda de Los Palacios<\/p>\n<\/div>\n<p><!--more--><br \/>\n<!-- {\"type\":\"layout\",\"children\":[{\"name\":\"VCard\",\"type\":\"section\",\"props\":{\"animation\":\"slide-left-medium\",\"animation_delay\":\"200\",\"height\":\"viewport\",\"height_offset_top\":true,\"image_effect\":\"parallax\",\"image_parallax_bgx\":\"-300,-300\",\"image_parallax_bgy\":\"200,-150\",\"image_parallax_breakpoint\":\"m\",\"image_parallax_easing\":\"1\",\"image_position\":\"center-center\",\"media_visibility\":\"m\",\"padding_remove_bottom\":false,\"style\":\"default\",\"title_breakpoint\":\"xl\",\"title_position\":\"top-left\",\"title_rotation\":\"left\",\"vertical_align\":\"middle\",\"width\":\"large\"},\"children\":[{\"type\":\"row\",\"props\":{\"column_gap\":\"large\",\"divider\":false,\"layout\":\"1-2,1-2\",\"margin_remove_bottom\":false,\"margin_remove_top\":false,\"row_gap\":\"large\",\"vertical_align\":true},\"children\":[{\"type\":\"column\",\"props\":{\"image_effect\":\"parallax\",\"image_parallax_easing\":\"1\",\"image_position\":\"top-left\",\"position_sticky_breakpoint\":\"m\",\"width_medium\":\"1-2\"},\"children\":[{\"type\":\"image\",\"props\":{\"image\":\"wp-content\\\/uploads\\\/2024\\\/10\\\/pilarexposito-1.jpg\",\"image_height\":369,\"image_svg_color\":\"emphasis\",\"image_width\":567,\"margin\":\"\",\"margin_remove_bottom\":false,\"margin_remove_top\":false,\"text_align\":\"left\",\"text_align_breakpoint\":\"m\",\"text_align_fallback\":\"center\"}}]},{\"type\":\"column\",\"props\":{\"image_position\":\"top-left\",\"image_width\":\"300\",\"media_overlay\":\"rgba(255, 255, 255, 0.54)\",\"position_sticky_breakpoint\":\"m\",\"vertical_align\":\"middle\",\"width_medium\":\"1-2\"},\"children\":[{\"type\":\"headline\",\"props\":{\"content\":\"Pianista\",\"margin\":\"small\",\"margin_remove_bottom\":false,\"margin_remove_top\":false,\"title_color\":\"primary\",\"title_element\":\"div\",\"title_style\":\"h6\"}},{\"type\":\"headline\",\"props\":{\"content\":\"Tatiana Postnikova\",\"margin_remove_bottom\":false,\"margin_remove_top\":true,\"text_align\":\"left\",\"title_color\":\"primary\",\"title_element\":\"h1\",\"title_style\":\"heading-medium\"}},{\"type\":\"text\",\"props\":{\"column_breakpoint\":\"m\",\"content\":\"\n\n<p>Naci\\u00f3 en Mosc\\u00fa en una familia de los m\\u00fasicos con grandes tradiciones musicales. Estudi\\u00f3 en la Escuela Central de M\\u00fasica con los profesores T. Bobovich , E.Ginzburg , y con el catedr\\u00e1tico M.Voskresensky. Obtiene la Medalla de Plata de dicha escuela y Diploma de Honor del Conservatorio Superior de Nizni Novgorod Honor en el a\\u00f1o 1997 donde estudi\\u00f3 bajo la tutela de los catedr\\u00e1ticos L.Sor\\u00f3chkina e I.Fridman. Ha tenido recitales como solista y acompa\\u00f1ada por orquestas en la capital y otras ciudades de Rusia. Ha participado en los concursos nacionales e internacionales, recibiendo distintos Diplomas y Premios. Entre ellos en el Internacional de Thaikovsky de Mosc\\u00fa. Ha ofrecido numerosos conciertos de m\\u00fasica de c\\u00e1mara en Espa\\u00f1a y por toda Europa. Realiza varias grabaciones para TV de Rusia Ucrania, Alemania y Espa\\u00f1a, ha grabado varios CD en Pa\\u00edses de Europa. Desde su fundaci\\u00f3n es la pianista titular del \\u201cEnsemble Solistas de Sevilla\\u201d. Desde el a\\u00f1o 1991 es la solista de la Real Orquesta Sinf\\u00f3nica de Sevilla. Desde el a\\u00f1o 2003 colabora con la Escolan\\u00eda de Los Palacios<\\\/p>\",\"margin\":\"large\",\"maxwidth\":\"2xlarge\",\"text_style\":\"large\"}}]}]}]}],\"version\":\"4.4.10\"} --><\/p>\n","protected":false},"excerpt":{"rendered":"<p>Pianista Tatiana Postnikova Naci\u00f3 en Mosc\u00fa en una familia de los m\u00fasicos con grandes tradiciones musicales. Estudi\u00f3 en la Escuela Central de M\u00fasica con los profesores T. Bobovich , E.Ginzburg , y con el catedr\u00e1tico M.Voskresensky. Obtiene la Medalla de Plata de dicha escuela y Diploma de Honor del Conservatorio Superior de Nizni Novgorod Honor [&hellip;]<\/p>\n","protected":false},"author":1,"featured_media":0,"parent":0,"menu_order":0,"comment_status":"closed","ping_status":"closed","template":"","meta":{"_acf_changed":false,"footnotes":""},"class_list":["post-1262","page","type-page","status-publish","hentry"],"acf":[],"jetpack_sharing_enabled":true,"_links":{"self":[{"href":"https:\/\/www.escolaniadelospalacios.es\/new\/wp-json\/wp\/v2\/pages\/1262","targetHints":{"allow":["GET"]}}],"collection":[{"href":"https:\/\/www.escolaniadelospalacios.es\/new\/wp-json\/wp\/v2\/pages"}],"about":[{"href":"https:\/\/www.escolaniadelospalacios.es\/new\/wp-json\/wp\/v2\/types\/page"}],"author":[{"embeddable":true,"href":"https:\/\/www.escolaniadelospalacios.es\/new\/wp-json\/wp\/v2\/users\/1"}],"replies":[{"embeddable":true,"href":"https:\/\/www.escolaniadelospalacios.es\/new\/wp-json\/wp\/v2\/comments?post=1262"}],"version-history":[{"count":8,"href":"https:\/\/www.escolaniadelospalacios.es\/new\/wp-json\/wp\/v2\/pages\/1262\/revisions"}],"predecessor-version":[{"id":1620,"href":"https:\/\/www.escolaniadelospalacios.es\/new\/wp-json\/wp\/v2\/pages\/1262\/revisions\/1620"}],"wp:attachment":[{"href":"https:\/\/www.escolaniadelospalacios.es\/new\/wp-json\/wp\/v2\/media?parent=1262"}],"curies":[{"name":"wp","href":"https:\/\/api.w.org\/{rel}","templated":true}]}}