{"id":1269,"date":"2024-06-30T15:03:37","date_gmt":"2024-06-30T15:03:37","guid":{"rendered":"https:\/\/www.escolaniadelospalacios.es\/new\/?page_id=1269"},"modified":"2024-10-09T16:05:52","modified_gmt":"2024-10-09T16:05:52","slug":"juan_manuel_busto_algarin","status":"publish","type":"page","link":"https:\/\/www.escolaniadelospalacios.es\/new\/juan_manuel_busto_algarin\/","title":{"rendered":"Juan Manuel Busto Algar\u00edn"},"content":{"rendered":"<p><img decoding=\"async\" src=\"\/new\/wp-content\/uploads\/2024\/06\/juanmanuel.jpg\" alt=\"\"><\/p>\n<div>Director de orquesta y compositor<\/div>\n<h1>Juan Manuel Busto Algar\u00edn<\/h1>\n<div>\n<p>Director de orquesta y compositor. Entre sus compromisos en la presente temporada 2015\/16 cabe destacar la grabaci\u00f3n y representaci\u00f3n de la \u00f3pera Zaz\u00e0 de Leoncavallo con la BBC London Symphony Orchestra (maestro asistente), la opera Il Trovatore de Verdi en la Dutch National Opera en Amsterdam, y el debut como director musical de \u00f3pera en el Teatro de la Maestranza de Sevilla con la \u00f3pera The Little Sweep de Britten, y en la Teatro Nacional de la Opera de Albania con Rigoletto de Verdi. Nacido en Sevilla, actualmente es colaborador habitual como director asistente del maestro Maurizio Benini y del maestro Crist\u00f3bal Soler, y ocupa la primera plaza en la bolsa de directores de la Joven Orquesta Nacional de Espa\u00f1a (JONDE), Su formaci\u00f3n se desarrolla en los principales enclaves europeos y con grandes maestros como B. Haitink (en los Cursos del Festival de Luzerna, Suiza), G. Gelmetti (en la Academia Chiguiana en Siena, Italia), G. Kalmar, R. Gessi, G. Pacor (en \u00d3pera-Verona, Italia) y el austriaco Achim Holub (en Londres, Ingraterra) entre otros, tras su completa formaci\u00f3n Espa\u00f1a (estudios superiores de composici\u00f3n, direcci\u00f3n de coros, saxof\u00f3n, etc.), adem\u00e1s de con los maestros Norman Milan\u00e9s y Crist\u00f3bal Soler en direcci\u00f3n orquestal, y en composici\u00f3n con Alfonso Romero-Ram\u00edrez.Su trabajo como director est\u00e1 sustentado por una gran experiencia como asistente, (destacar al maestro Crist\u00f3bal Soler del cual fue director asistente en el Teatro L\u00edrico Nacional de \u201cla Zarzuela\u201d y la Orquesta Sinf\u00f3nica de Navarra los a\u00f1os 2013 y 2014) trabajando con orquestas como: Orquesta de Rtve, Orquesta Sinf\u00f3nica de Navarra, Orquesta de la Comunidad de Madrid, Orquesta Sinf\u00f3nica Portuguesa, Orquesta de las Islas Baleares, Orquesta Sinf\u00f3nica de Granada entre otras y en teatros como, Teatro Nacional Sao Carlos de Lisboa, o Teatro Principal de Palma o el Teatro de la Maestranza de Sevilla. Ha dirigido orquestas como la Orquesta Joven Nacional de Espa\u00f1a, Orquesta de Solistas de Londres, Orquesta Sinf\u00f3nica de Brasov, Orchestra della fondazione Bulgaria Classic, Orquesta de C\u00e1mara de l\u00b4Arena de Verona, Orquesta de C\u00e1mara de la ROSS, Orquesta del Conservatorio Superior de M\u00fasica de Sevilla, u Orquesta de la Universidad Complutense de Madrid entre otras. Actualmente es miembro del Instituto Europeo de Desarrollo Cultura. A la vez que su trabajo como compositor ha sido interpretado por formaciones como la Orquesta de la Comunidad de Madrid o la Orquesta de C\u00e1mara de la ROSS y Orquesta Sinf\u00f3nica de Navarra, en teatros como el Teatro L\u00edrico Nacional o el Teatro de la Maestranza y retransmitido por RTVE. Dentro del repertorio destacar la versatilidad como director, contando con un amplio que abarca desde compositores barrocos hasta las \u00faltimas composiciones de nuestros d\u00edas, tanto en el terreno sinf\u00f3nico, oper\u00edstico, as\u00ed como en el ballet.<\/p>\n<\/div>\n<p><!--more--><br \/>\n<!-- {\"type\":\"layout\",\"children\":[{\"name\":\"VCard\",\"type\":\"section\",\"props\":{\"animation\":\"slide-left-medium\",\"animation_delay\":\"200\",\"height\":\"viewport\",\"height_offset_top\":true,\"image_effect\":\"parallax\",\"image_parallax_bgx\":\"-300,-300\",\"image_parallax_bgy\":\"200,-150\",\"image_parallax_breakpoint\":\"m\",\"image_parallax_easing\":\"1\",\"image_position\":\"center-center\",\"media_visibility\":\"m\",\"padding_remove_bottom\":false,\"style\":\"default\",\"title_breakpoint\":\"xl\",\"title_position\":\"top-left\",\"title_rotation\":\"left\",\"vertical_align\":\"middle\",\"width\":\"large\"},\"children\":[{\"type\":\"row\",\"props\":{\"column_gap\":\"large\",\"divider\":false,\"layout\":\"1-2,1-2\",\"margin_remove_bottom\":false,\"margin_remove_top\":false,\"row_gap\":\"large\",\"vertical_align\":true},\"children\":[{\"type\":\"column\",\"props\":{\"image_effect\":\"parallax\",\"image_parallax_easing\":\"1\",\"image_position\":\"top-left\",\"position_sticky_breakpoint\":\"m\",\"width_medium\":\"1-2\"},\"children\":[{\"type\":\"image\",\"props\":{\"image\":\"wp-content\\\/uploads\\\/2024\\\/06\\\/juanmanuel.jpg\",\"image_height\":\"700\",\"image_svg_color\":\"emphasis\",\"image_width\":\"600\",\"margin\":\"\",\"margin_remove_bottom\":false,\"margin_remove_top\":false,\"text_align\":\"left\",\"text_align_breakpoint\":\"m\",\"text_align_fallback\":\"center\"}}]},{\"type\":\"column\",\"props\":{\"image_position\":\"top-left\",\"image_width\":\"300\",\"media_overlay\":\"rgba(255, 255, 255, 0.54)\",\"position_sticky_breakpoint\":\"m\",\"vertical_align\":\"middle\",\"width_medium\":\"1-2\"},\"children\":[{\"type\":\"headline\",\"props\":{\"content\":\"Director de orquesta y compositor\",\"margin\":\"small\",\"margin_remove_bottom\":false,\"margin_remove_top\":false,\"title_color\":\"primary\",\"title_element\":\"div\",\"title_style\":\"h6\"}},{\"type\":\"headline\",\"props\":{\"content\":\"Juan Manuel Busto Algar\\u00edn\",\"margin_remove_bottom\":false,\"margin_remove_top\":true,\"text_align\":\"left\",\"title_color\":\"primary\",\"title_element\":\"h1\",\"title_style\":\"heading-medium\"}},{\"type\":\"text\",\"props\":{\"column_breakpoint\":\"m\",\"content\":\"\n\n<p>Director de orquesta y compositor. Entre sus compromisos en la presente temporada 2015\\\/16 cabe destacar la grabaci\\u00f3n y representaci\\u00f3n de la \\u00f3pera Zaz\\u00e0 de Leoncavallo con la BBC London Symphony Orchestra (maestro asistente), la opera Il Trovatore de Verdi en la Dutch National Opera en Amsterdam, y el debut como director musical de \\u00f3pera en el Teatro de la Maestranza de Sevilla con la \\u00f3pera The Little Sweep de Britten, y en la Teatro Nacional de la Opera de Albania con Rigoletto de Verdi. Nacido en Sevilla, actualmente es colaborador habitual como director asistente del maestro Maurizio Benini y del maestro Crist\\u00f3bal Soler, y ocupa la primera plaza en la bolsa de directores de la Joven Orquesta Nacional de Espa\\u00f1a (JONDE), Su formaci\\u00f3n se desarrolla en los principales enclaves europeos y con grandes maestros como B. Haitink (en los Cursos del Festival de Luzerna, Suiza), G. Gelmetti (en la Academia Chiguiana en Siena, Italia), G. Kalmar, R. Gessi, G. Pacor (en \\u00d3pera-Verona, Italia) y el austriaco Achim Holub (en Londres, Ingraterra) entre otros, tras su completa formaci\\u00f3n Espa\\u00f1a (estudios superiores de composici\\u00f3n, direcci\\u00f3n de coros, saxof\\u00f3n, etc.), adem\\u00e1s de con los maestros Norman Milan\\u00e9s y Crist\\u00f3bal Soler en direcci\\u00f3n orquestal, y en composici\\u00f3n con Alfonso Romero-Ram\\u00edrez.Su trabajo como director est\\u00e1 sustentado por una gran experiencia como asistente, (destacar al maestro Crist\\u00f3bal Soler del cual fue director asistente en el Teatro L\\u00edrico Nacional de \\u201cla Zarzuela\\u201d y la Orquesta Sinf\\u00f3nica de Navarra los a\\u00f1os 2013 y 2014) trabajando con orquestas como: Orquesta de Rtve, Orquesta Sinf\\u00f3nica de Navarra, Orquesta de la Comunidad de Madrid, Orquesta Sinf\\u00f3nica Portuguesa, Orquesta de las Islas Baleares, Orquesta Sinf\\u00f3nica de Granada entre otras y en teatros como, Teatro Nacional Sao Carlos de Lisboa, o Teatro Principal de Palma o el Teatro de la Maestranza de Sevilla. Ha dirigido orquestas como la Orquesta Joven Nacional de Espa\\u00f1a, Orquesta de Solistas de Londres, Orquesta Sinf\\u00f3nica de Brasov, Orchestra della fondazione Bulgaria Classic, Orquesta de C\\u00e1mara de l\\u00b4Arena de Verona, Orquesta de C\\u00e1mara de la ROSS, Orquesta del Conservatorio Superior de M\\u00fasica de Sevilla, u Orquesta de la Universidad Complutense de Madrid entre otras. Actualmente es miembro del Instituto Europeo de Desarrollo Cultura. A la vez que su trabajo como compositor ha sido interpretado por formaciones como la Orquesta de la Comunidad de Madrid o la Orquesta de C\\u00e1mara de la ROSS y Orquesta Sinf\\u00f3nica de Navarra, en teatros como el Teatro L\\u00edrico Nacional o el Teatro de la Maestranza y retransmitido por RTVE. Dentro del repertorio destacar la versatilidad como director, contando con un amplio que abarca desde compositores barrocos hasta las \\u00faltimas composiciones de nuestros d\\u00edas, tanto en el terreno sinf\\u00f3nico, oper\\u00edstico, as\\u00ed como en el ballet.<\\\/p>\",\"margin\":\"large\",\"maxwidth\":\"2xlarge\",\"text_style\":\"large\"}}]}]}]}],\"version\":\"4.4.10\"} --><\/p>\n","protected":false},"excerpt":{"rendered":"<p>Director de orquesta y compositor Juan Manuel Busto Algar\u00edn Director de orquesta y compositor. Entre sus compromisos en la presente temporada 2015\/16 cabe destacar la grabaci\u00f3n y representaci\u00f3n de la \u00f3pera Zaz\u00e0 de Leoncavallo con la BBC London Symphony Orchestra (maestro asistente), la opera Il Trovatore de Verdi en la Dutch National Opera en Amsterdam, [&hellip;]<\/p>\n","protected":false},"author":1,"featured_media":0,"parent":0,"menu_order":0,"comment_status":"closed","ping_status":"closed","template":"","meta":{"_acf_changed":false,"footnotes":""},"class_list":["post-1269","page","type-page","status-publish","hentry"],"acf":[],"jetpack_sharing_enabled":true,"_links":{"self":[{"href":"https:\/\/www.escolaniadelospalacios.es\/new\/wp-json\/wp\/v2\/pages\/1269","targetHints":{"allow":["GET"]}}],"collection":[{"href":"https:\/\/www.escolaniadelospalacios.es\/new\/wp-json\/wp\/v2\/pages"}],"about":[{"href":"https:\/\/www.escolaniadelospalacios.es\/new\/wp-json\/wp\/v2\/types\/page"}],"author":[{"embeddable":true,"href":"https:\/\/www.escolaniadelospalacios.es\/new\/wp-json\/wp\/v2\/users\/1"}],"replies":[{"embeddable":true,"href":"https:\/\/www.escolaniadelospalacios.es\/new\/wp-json\/wp\/v2\/comments?post=1269"}],"version-history":[{"count":4,"href":"https:\/\/www.escolaniadelospalacios.es\/new\/wp-json\/wp\/v2\/pages\/1269\/revisions"}],"predecessor-version":[{"id":1605,"href":"https:\/\/www.escolaniadelospalacios.es\/new\/wp-json\/wp\/v2\/pages\/1269\/revisions\/1605"}],"wp:attachment":[{"href":"https:\/\/www.escolaniadelospalacios.es\/new\/wp-json\/wp\/v2\/media?parent=1269"}],"curies":[{"name":"wp","href":"https:\/\/api.w.org\/{rel}","templated":true}]}}