{"id":1568,"date":"2024-09-18T16:14:37","date_gmt":"2024-09-18T16:14:37","guid":{"rendered":"https:\/\/www.escolaniadelospalacios.es\/new\/?page_id=1568"},"modified":"2024-10-09T16:14:06","modified_gmt":"2024-10-09T16:14:06","slug":"francisco-javier","status":"publish","type":"page","link":"https:\/\/www.escolaniadelospalacios.es\/new\/francisco-javier\/","title":{"rendered":"Francisco Javier Salguero Mej\u00edas"},"content":{"rendered":"<p><img decoding=\"async\" src=\"\/new\/wp-content\/uploads\/2024\/10\/franciscojaviersalquero.jpg\" alt=\"\"><\/p>\n<div>Pianista<\/div>\n<h1>Francisco Javier Salguero Mej\u00edas<\/h1>\n<div>\n<p>Francisco Javier Salguero Mej\u00edas (1996), es doctorando en Historia del arte por la Universidad de Sevilla. En 2016 comenz\u00f3 los estudios de grado medio en el Conservatorio Profesional de M\u00fasica \u201cCrist\u00f3bal de Morales\u201d de la misma ciudad, en la especialidad de \u00f3rgano, donde ha recibido clases por Miguel \u00c1ngel Garc\u00eda Fern\u00e1ndez, organista titular de la Catedral de Sevilla. Desde 2014, es organista de la Parroquia Mayor de Santa Mar\u00eda la Blanca de Los Palacios y Villafranca (Sevilla), donde participa musicalmente en las celebraciones desde el \u00f3rgano construido en 1747 por Francisco Ort\u00edguez.<\/p>\n<p>Tambi\u00e9n es organista acompa\u00f1ante de la Escolan\u00eda de Los Palacios desde 2016. Adem\u00e1s, cre\u00f3 en 2021 la Capilla Musical \u201cVirgen de las Nieves\u201d, de la misma localidad, a la que dirige y acompa\u00f1a en el \u00f3rgano en distintas celebraciones religiosas por toda la provincia\u00a0de\u00a0Sevilla.<\/p>\n<\/div>\n<p><!--more--><br \/>\n<!-- {\"type\":\"layout\",\"children\":[{\"name\":\"VCard\",\"type\":\"section\",\"props\":{\"animation\":\"slide-left-medium\",\"animation_delay\":\"200\",\"height\":\"viewport\",\"height_offset_top\":true,\"image_effect\":\"parallax\",\"image_parallax_bgx\":\"-300,-300\",\"image_parallax_bgy\":\"200,-150\",\"image_parallax_breakpoint\":\"m\",\"image_parallax_easing\":\"1\",\"image_position\":\"center-center\",\"media_visibility\":\"m\",\"padding_remove_bottom\":false,\"style\":\"default\",\"title_breakpoint\":\"xl\",\"title_position\":\"top-left\",\"title_rotation\":\"left\",\"vertical_align\":\"middle\",\"width\":\"large\"},\"children\":[{\"type\":\"row\",\"props\":{\"column_gap\":\"large\",\"divider\":false,\"layout\":\"1-2,1-2\",\"margin_remove_bottom\":false,\"margin_remove_top\":false,\"row_gap\":\"large\",\"vertical_align\":true},\"children\":[{\"type\":\"column\",\"props\":{\"image_effect\":\"parallax\",\"image_parallax_easing\":\"1\",\"image_position\":\"top-left\",\"position_sticky_breakpoint\":\"m\",\"width_medium\":\"1-2\"},\"children\":[{\"type\":\"image\",\"props\":{\"image\":\"wp-content\\\/uploads\\\/2024\\\/10\\\/franciscojaviersalquero.jpg\",\"image_svg_color\":\"emphasis\",\"margin\":\"\",\"margin_remove_bottom\":false,\"margin_remove_top\":false,\"text_align\":\"left\",\"text_align_breakpoint\":\"m\",\"text_align_fallback\":\"center\"}}]},{\"type\":\"column\",\"props\":{\"image_position\":\"top-left\",\"image_width\":\"300\",\"media_overlay\":\"rgba(255, 255, 255, 0.54)\",\"position_sticky_breakpoint\":\"m\",\"vertical_align\":\"middle\",\"width_medium\":\"1-2\"},\"children\":[{\"type\":\"headline\",\"props\":{\"content\":\"Pianista\",\"margin\":\"small\",\"margin_remove_bottom\":false,\"margin_remove_top\":false,\"title_color\":\"primary\",\"title_element\":\"div\",\"title_style\":\"h6\"}},{\"type\":\"headline\",\"props\":{\"content\":\"Francisco Javier Salguero Mej\\u00edas\",\"margin_remove_bottom\":false,\"margin_remove_top\":true,\"text_align\":\"left\",\"title_color\":\"primary\",\"title_element\":\"h1\",\"title_style\":\"heading-medium\"}},{\"type\":\"text\",\"props\":{\"column_breakpoint\":\"m\",\"content\":\"\n\n<p>Francisco Javier Salguero Mej\\u00edas (1996), es doctorando en Historia del arte por la Universidad de Sevilla. En 2016 comenz\\u00f3 los estudios de grado medio en el Conservatorio Profesional de M\\u00fasica \\u201cCrist\\u00f3bal de Morales\\u201d de la misma ciudad, en la especialidad de \\u00f3rgano, donde ha recibido clases por Miguel \\u00c1ngel Garc\\u00eda Fern\\u00e1ndez, organista titular de la Catedral de Sevilla. Desde 2014, es organista de la Parroquia Mayor de Santa Mar\\u00eda la Blanca de Los Palacios y Villafranca (Sevilla), donde participa musicalmente en las celebraciones desde el \\u00f3rgano construido en 1747 por Francisco Ort\\u00edguez.<\\\/p>\\n\n\n<p>Tambi\\u00e9n es organista acompa\\u00f1ante de la Escolan\\u00eda de Los Palacios desde 2016. Adem\\u00e1s, cre\\u00f3 en 2021 la Capilla Musical \\u201cVirgen de las Nieves\\u201d, de la misma localidad, a la que dirige y acompa\\u00f1a en el \\u00f3rgano en distintas celebraciones religiosas por toda la provincia\\u00a0de\\u00a0Sevilla.<\\\/p>\",\"margin\":\"large\",\"maxwidth\":\"2xlarge\",\"text_style\":\"large\"}}]}]}]}],\"version\":\"4.4.10\"} --><\/p>\n","protected":false},"excerpt":{"rendered":"<p>Pianista Francisco Javier Salguero Mej\u00edas Francisco Javier Salguero Mej\u00edas (1996), es doctorando en Historia del arte por la Universidad de Sevilla. En 2016 comenz\u00f3 los estudios de grado medio en el Conservatorio Profesional de M\u00fasica \u201cCrist\u00f3bal de Morales\u201d de la misma ciudad, en la especialidad de \u00f3rgano, donde ha recibido clases por Miguel \u00c1ngel Garc\u00eda [&hellip;]<\/p>\n","protected":false},"author":1,"featured_media":0,"parent":0,"menu_order":0,"comment_status":"closed","ping_status":"closed","template":"","meta":{"_acf_changed":false,"footnotes":""},"class_list":["post-1568","page","type-page","status-publish","hentry"],"acf":[],"jetpack_sharing_enabled":true,"_links":{"self":[{"href":"https:\/\/www.escolaniadelospalacios.es\/new\/wp-json\/wp\/v2\/pages\/1568","targetHints":{"allow":["GET"]}}],"collection":[{"href":"https:\/\/www.escolaniadelospalacios.es\/new\/wp-json\/wp\/v2\/pages"}],"about":[{"href":"https:\/\/www.escolaniadelospalacios.es\/new\/wp-json\/wp\/v2\/types\/page"}],"author":[{"embeddable":true,"href":"https:\/\/www.escolaniadelospalacios.es\/new\/wp-json\/wp\/v2\/users\/1"}],"replies":[{"embeddable":true,"href":"https:\/\/www.escolaniadelospalacios.es\/new\/wp-json\/wp\/v2\/comments?post=1568"}],"version-history":[{"count":6,"href":"https:\/\/www.escolaniadelospalacios.es\/new\/wp-json\/wp\/v2\/pages\/1568\/revisions"}],"predecessor-version":[{"id":1608,"href":"https:\/\/www.escolaniadelospalacios.es\/new\/wp-json\/wp\/v2\/pages\/1568\/revisions\/1608"}],"wp:attachment":[{"href":"https:\/\/www.escolaniadelospalacios.es\/new\/wp-json\/wp\/v2\/media?parent=1568"}],"curies":[{"name":"wp","href":"https:\/\/api.w.org\/{rel}","templated":true}]}}