{"id":1573,"date":"2024-09-18T16:16:18","date_gmt":"2024-09-18T16:16:18","guid":{"rendered":"https:\/\/www.escolaniadelospalacios.es\/new\/?page_id=1573"},"modified":"2024-10-07T17:15:18","modified_gmt":"2024-10-07T17:15:18","slug":"aurora-galan","status":"publish","type":"page","link":"https:\/\/www.escolaniadelospalacios.es\/new\/aurora-galan\/","title":{"rendered":"Aurora Galan"},"content":{"rendered":"<p><img decoding=\"async\" src=\"\/new\/wp-content\/uploads\/2024\/10\/auroragalan.jpg\" alt=\"\"><\/p>\n<div>Director y profesora de canto<\/div>\n<h1>Aurora Gal\u00e1n<\/h1>\n<div>\n<p>Aurora Gal\u00e1n de Los Palacios y Villafranca, graduada en Historia<br \/>(Universidad de Sevilla) y M\u00fasica (RCSM). Curs\u00f3 sus estudios<br \/>musicales de canto en el Conservatorio Profesional Crist\u00f3bal de<br \/>Morales (Patrocinio S\u00e1nchez) y Superior de M\u00fasica de Sevilla<br \/>\u201cManuel Castillo respectivamente, completando dicha formaci\u00f3n<br \/>en la Escuela Superior de M\u00fasica de Catalu\u00f1a (ESMUC), donde<br \/>realiz\u00f3 el M\u00e1ster de Lied \u201cVictoria de los \u00c1ngeles\u201d y trabaj\u00f3 con<br \/>profesores como Dolors Aldea, Assumpta Mateu, Francisco Poyato<br \/>y Josep Surinyac. Adem\u00e1s, ha recibido clases de profesionales de<br \/>la talla de Barbara Frittoli, Bruno de Simone, Vivica Genaux y<br \/>Carlos \u00c1lvarez, as\u00ed como los repertoristas y directores de orquesta<br \/>Giulio Zappa, Pier Angelo Pelucchi, Carlos Arag\u00f3n y Bart<br \/>Vandewege. Actualmente, continua su perfeccionamiento con la<br \/>profesora M2 del Valle Duque.<\/p>\n<\/p>\n<p>Su vinculaci\u00f3n con la Escolan\u00eda de Los Palacios comenz\u00f3 desde su<br \/>fundaci\u00f3n como parte del grupo cantor. Junto a ellos, debut\u00f3<br \/>como solista en el Teatro de la Maestranza con el solo del Pastor<br \/>en la \u00f3pera Tosca y en \u00f3peras como Otello (Verdi), Werther<br \/>(Massenet), El Peque\u00f1o Deshollinador (Britten), Hansel y Gretel<br \/>(Humperdinck) y La Zorrita Astuta (Janacek).<\/p>\n<p>Desde entonces ha trabajado como solista en m\u00faltiples<br \/>producciones en el Teatro de la Maestranza (El Retablo de Maese<br \/>Pedro), Gran Teatro de Huelva (El d\u00fao de la Africana), Gran Teatro<br \/>de C\u00f3rdoba (La Verbena de la Paloma), Teatro Villamarta de Jerez<br \/>(\u00f3pera de c\u00e1mara Cendrillon y Le Dernier Sorcier de P. Viardot),<br \/>Teatro Central (Ayre de O. Golijov), sala Turina, festival de m\u00fasica<br \/>FEM\u00c1S, entre otros.<\/p>\n<\/p>\n<p>Actualmente compagina su faceta como solista y producciones de<br \/>\u00f3peras (\u00d3EM) con la docencia, encarg\u00e1ndose adem\u00e1s de la<br \/>direcci\u00f3n vocal y musical de nuestra Escolan\u00eda, con quien<br \/>recientemente ha trabajado en producciones como \u201cCarmen\u201d, \u201cEl<br \/>Gato Mont\u00e9s\u201d y la III Sinfon\u00eda de Malher tambi\u00e9n en Maestranza.<br \/>Por \u00faltimo, destacar su colaboraci\u00f3n como interprete y directora<br \/>en el espect\u00e1culo \u201cSeises\u201d de Israel Galv\u00e1n galardonado con el<br \/>premio TAL\u00cdA a mejor int\u00e9rprete de danza masculino y el<br \/>compositor y pianista flamenco David Dorantes.<\/p>\n<\/div>\n<p><!--more--><br \/>\n<!-- {\"type\":\"layout\",\"children\":[{\"name\":\"VCard\",\"type\":\"section\",\"props\":{\"animation\":\"slide-left-medium\",\"animation_delay\":\"200\",\"height\":\"viewport\",\"height_offset_top\":true,\"image_effect\":\"parallax\",\"image_parallax_bgx\":\"-300,-300\",\"image_parallax_bgy\":\"200,-150\",\"image_parallax_breakpoint\":\"m\",\"image_parallax_easing\":\"1\",\"image_position\":\"center-center\",\"media_visibility\":\"m\",\"padding_remove_bottom\":false,\"style\":\"default\",\"title_breakpoint\":\"xl\",\"title_position\":\"top-left\",\"title_rotation\":\"left\",\"vertical_align\":\"middle\",\"width\":\"large\"},\"children\":[{\"type\":\"row\",\"props\":{\"column_gap\":\"large\",\"divider\":false,\"layout\":\"1-2,1-2\",\"margin_remove_bottom\":false,\"margin_remove_top\":false,\"row_gap\":\"large\",\"vertical_align\":true},\"children\":[{\"type\":\"column\",\"props\":{\"image_effect\":\"parallax\",\"image_parallax_easing\":\"1\",\"image_position\":\"top-left\",\"position_sticky_breakpoint\":\"m\",\"width_medium\":\"1-2\"},\"children\":[{\"type\":\"image\",\"props\":{\"image\":\"wp-content\\\/uploads\\\/2024\\\/10\\\/auroragalan.jpg\",\"image_svg_color\":\"emphasis\",\"margin\":\"\",\"margin_remove_bottom\":false,\"margin_remove_top\":false,\"text_align\":\"left\",\"text_align_breakpoint\":\"m\",\"text_align_fallback\":\"center\"}}]},{\"type\":\"column\",\"props\":{\"image_position\":\"top-left\",\"image_width\":\"300\",\"media_overlay\":\"rgba(255, 255, 255, 0.54)\",\"position_sticky_breakpoint\":\"m\",\"vertical_align\":\"middle\",\"width_medium\":\"1-2\"},\"children\":[{\"type\":\"headline\",\"props\":{\"content\":\"Director y profesora de canto\",\"margin\":\"small\",\"margin_remove_bottom\":false,\"margin_remove_top\":false,\"title_color\":\"primary\",\"title_element\":\"div\",\"title_style\":\"h6\"}},{\"type\":\"headline\",\"props\":{\"content\":\"Aurora Gal\\u00e1n\",\"margin_remove_bottom\":false,\"margin_remove_top\":true,\"text_align\":\"left\",\"title_color\":\"primary\",\"title_element\":\"h1\",\"title_style\":\"heading-medium\"}},{\"type\":\"text\",\"props\":{\"column_breakpoint\":\"m\",\"content\":\"\n\n<p>Aurora Gal\\u00e1n de Los Palacios y Villafranca, graduada en Historia<br \\\/>(Universidad de Sevilla) y M\\u00fasica (RCSM). Curs\\u00f3 sus estudios<br \\\/>musicales de canto en el Conservatorio Profesional Crist\\u00f3bal de<br \\\/>Morales (Patrocinio S\\u00e1nchez) y Superior de M\\u00fasica de Sevilla<br \\\/>\\u201cManuel Castillo respectivamente, completando dicha formaci\\u00f3n<br \\\/>en la Escuela Superior de M\\u00fasica de Catalu\\u00f1a (ESMUC), donde<br \\\/>realiz\\u00f3 el M\\u00e1ster de Lied \\u201cVictoria de los \\u00c1ngeles\\u201d y trabaj\\u00f3 con<br \\\/>profesores como Dolors Aldea, Assumpta Mateu, Francisco Poyato<br \\\/>y Josep Surinyac. Adem\\u00e1s, ha recibido clases de profesionales de<br \\\/>la talla de Barbara Frittoli, Bruno de Simone, Vivica Genaux y<br \\\/>Carlos \\u00c1lvarez, as\\u00ed como los repertoristas y directores de orquesta<br \\\/>Giulio Zappa, Pier Angelo Pelucchi, Carlos Arag\\u00f3n y Bart<br \\\/>Vandewege. Actualmente, continua su perfeccionamiento con la<br \\\/>profesora M2 del Valle Duque.<\\\/p>\\n\n\n<p><\\\/p>\\n\n\n<p>Su vinculaci\\u00f3n con la Escolan\\u00eda de Los Palacios comenz\\u00f3 desde su<br \\\/>fundaci\\u00f3n como parte del grupo cantor. Junto a ellos, debut\\u00f3<br \\\/>como solista en el Teatro de la Maestranza con el solo del Pastor<br \\\/>en la \\u00f3pera Tosca y en \\u00f3peras como Otello (Verdi), Werther<br \\\/>(Massenet), El Peque\\u00f1o Deshollinador (Britten), Hansel y Gretel<br \\\/>(Humperdinck) y La Zorrita Astuta (Janacek).<\\\/p>\\n\n\n<p>Desde entonces ha trabajado como solista en m\\u00faltiples<br \\\/>producciones en el Teatro de la Maestranza (El Retablo de Maese<br \\\/>Pedro), Gran Teatro de Huelva (El d\\u00fao de la Africana), Gran Teatro<br \\\/>de C\\u00f3rdoba (La Verbena de la Paloma), Teatro Villamarta de Jerez<br \\\/>(\\u00f3pera de c\\u00e1mara Cendrillon y Le Dernier Sorcier de P. Viardot),<br \\\/>Teatro Central (Ayre de O. Golijov), sala Turina, festival de m\\u00fasica<br \\\/>FEM\\u00c1S, entre otros.<\\\/p>\\n\n\n<p><\\\/p>\\n\n\n<p>Actualmente compagina su faceta como solista y producciones de<br \\\/>\\u00f3peras (\\u00d3EM) con la docencia, encarg\\u00e1ndose adem\\u00e1s de la<br \\\/>direcci\\u00f3n vocal y musical de nuestra Escolan\\u00eda, con quien<br \\\/>recientemente ha trabajado en producciones como \\u201cCarmen\\u201d, \\u201cEl<br \\\/>Gato Mont\\u00e9s\\u201d y la III Sinfon\\u00eda de Malher tambi\\u00e9n en Maestranza.<br \\\/>Por \\u00faltimo, destacar su colaboraci\\u00f3n como interprete y directora<br \\\/>en el espect\\u00e1culo \\u201cSeises\\u201d de Israel Galv\\u00e1n galardonado con el<br \\\/>premio TAL\\u00cdA a mejor int\\u00e9rprete de danza masculino y el<br \\\/>compositor y pianista flamenco David Dorantes.<\\\/p>\",\"margin\":\"large\",\"maxwidth\":\"2xlarge\",\"text_style\":\"large\"}}]}]}]}],\"version\":\"4.4.10\"} --><\/p>\n","protected":false},"excerpt":{"rendered":"<p>Director y profesora de canto Aurora Gal\u00e1n Aurora Gal\u00e1n de Los Palacios y Villafranca, graduada en Historia(Universidad de Sevilla) y M\u00fasica (RCSM). Curs\u00f3 sus estudiosmusicales de canto en el Conservatorio Profesional Crist\u00f3bal deMorales (Patrocinio S\u00e1nchez) y Superior de M\u00fasica de Sevilla\u201cManuel Castillo respectivamente, completando dicha formaci\u00f3nen la Escuela Superior de M\u00fasica de Catalu\u00f1a (ESMUC), donderealiz\u00f3 [&hellip;]<\/p>\n","protected":false},"author":1,"featured_media":0,"parent":0,"menu_order":0,"comment_status":"closed","ping_status":"closed","template":"","meta":{"_acf_changed":false,"footnotes":""},"class_list":["post-1573","page","type-page","status-publish","hentry"],"acf":[],"jetpack_sharing_enabled":true,"_links":{"self":[{"href":"https:\/\/www.escolaniadelospalacios.es\/new\/wp-json\/wp\/v2\/pages\/1573","targetHints":{"allow":["GET"]}}],"collection":[{"href":"https:\/\/www.escolaniadelospalacios.es\/new\/wp-json\/wp\/v2\/pages"}],"about":[{"href":"https:\/\/www.escolaniadelospalacios.es\/new\/wp-json\/wp\/v2\/types\/page"}],"author":[{"embeddable":true,"href":"https:\/\/www.escolaniadelospalacios.es\/new\/wp-json\/wp\/v2\/users\/1"}],"replies":[{"embeddable":true,"href":"https:\/\/www.escolaniadelospalacios.es\/new\/wp-json\/wp\/v2\/comments?post=1573"}],"version-history":[{"count":7,"href":"https:\/\/www.escolaniadelospalacios.es\/new\/wp-json\/wp\/v2\/pages\/1573\/revisions"}],"predecessor-version":[{"id":1597,"href":"https:\/\/www.escolaniadelospalacios.es\/new\/wp-json\/wp\/v2\/pages\/1573\/revisions\/1597"}],"wp:attachment":[{"href":"https:\/\/www.escolaniadelospalacios.es\/new\/wp-json\/wp\/v2\/media?parent=1573"}],"curies":[{"name":"wp","href":"https:\/\/api.w.org\/{rel}","templated":true}]}}