{"id":8,"date":"2019-09-04T14:56:59","date_gmt":"2019-09-04T14:56:59","guid":{"rendered":"https:\/\/www.escolaniadelospalacios.es\/new\/?p=8"},"modified":"2024-06-30T15:34:52","modified_gmt":"2024-06-30T15:34:52","slug":"people","status":"publish","type":"page","link":"https:\/\/www.escolaniadelospalacios.es\/new\/people\/","title":{"rendered":"People"},"content":{"rendered":"<h1>Nosotros<\/h1>\n<div>Un equipo muy comprometido<\/div>\n<div>\n<p>En nuestra organizaci\u00f3n, estamos comprometidos con el bienestar de los ni\u00f1os a trav\u00e9s de la m\u00fasica. Creemos en el poder transformador de la m\u00fasica para fomentar el desarrollo emocional, social y cognitivo. Ofrecemos programas musicales que permiten a los ni\u00f1os explorar su creatividad, desarrollar habilidades y expresar sus emociones de manera positiva. Trabajamos con comunidades y escuelas para asegurar que cada ni\u00f1o tenga a clases y actividades musicales enriquecedoras. Nuestro objetivo es inspirar a cada ni\u00f1o a descubrir su pasi\u00f3n por la m\u00fasica y utilizarla como una herramienta para su crecimiento y felicidad.<\/p>\n<\/div>\n<h2>Los Palacios y Villfranca<\/h2>\n<div>\n<p>\u2022 Coro de ni\u00f1os y ni\u00f1as de 4 a 18 a\u00f1os.<\/p>\n<\/div>\n<ul>\n<li>\n<p><a href=\"tel:+44555000015\"><\/p>\n<p>(+34) 652 59 90 08<\/p>\n<p><\/a><\/p>\n<\/li>\n<li>\n<p><a href=\"tel:+44555000015\"><\/p>\n<p>(+34) 635 21 05 38<\/p>\n<p><\/a><\/p>\n<\/li>\n<li>\n<p><a href=\"mailto:amsterdam@example.com\"><\/p>\n<p>enrique.cabello@ymail.com<\/p>\n<p><\/a><\/p>\n<\/li>\n<\/ul>\n<ul>\n<li>\n<p>        <img decoding=\"async\" src=\"\/new\/wp-content\/uploads\/2024\/06\/enriquecabello.jpg\" alt=\"\"><\/p>\n<h3>Enrique Cabello Pav\u00f3n <\/h3>\n<p>Presidente fundador<\/p>\n<p><a href=\"\/new\/enrique-cabello-pavon\/\"><\/a><\/p>\n<\/li>\n<li>\n<p>        <img decoding=\"async\" src=\"\/new\/wp-content\/uploads\/2024\/06\/algarin.jpg\" alt=\"\"><\/p>\n<h3>Juan Manuel Busto Algar\u00edn<\/h3>\n<p>Director de orquesta y compositor<\/p>\n<p><a href=\"\/new\/juan_manuel_busto_algarin\/\"><\/a><\/p>\n<\/li>\n<\/ul>\n<ul>\n<li>\n<p>        <img decoding=\"async\" src=\"\/new\/wp-content\/uploads\/2024\/06\/pilar.jpg\" alt=\"\"><\/p>\n<h3>Pilar Exp\u00f3sito <\/h3>\n<p>Pianista<\/p>\n<p><a href=\"\/new\/dianna-briggs\/\"><\/a><\/p>\n<\/li>\n<li>\n<p>        <img decoding=\"async\" src=\"\/new\/wp-content\/uploads\/2024\/06\/pilarexposito.jpg\" alt=\"\"><\/p>\n<h3>Tatiana Postnikova <\/h3>\n<p>Pianista<\/p>\n<p><a href=\"\/new\/tatiana_postnikova\/\"><\/a><\/p>\n<\/li>\n<\/ul>\n<p><!--more--><br \/>\n<!-- {\"name\":\"FAQ\",\"type\":\"layout\",\"children\":[{\"name\":\"Hero\",\"type\":\"section\",\"props\":{\"animation\":\"slide-left-small\",\"animation_delay\":\"200\",\"image_position\":\"center-center\",\"padding\":\"none\",\"style\":\"secondary\",\"title_breakpoint\":\"xl\",\"title_position\":\"top-left\",\"title_rotation\":\"left\",\"vertical_align\":\"middle\",\"width\":\"\"},\"children\":[{\"type\":\"row\",\"props\":{\"layout\":\"1-2,1-2\",\"vertical_align\":false},\"children\":[{\"type\":\"column\",\"props\":{\"css\":\".el-column {\\n\\tmin-height: 500px;\\n}\",\"image\":\"wp-content\\\/uploads\\\/2024\\\/06\\\/conciertonavidad.jpg\",\"image_height\":\"1320\",\"image_loading\":true,\"image_position\":\"center-center\",\"image_size\":\"cover\",\"image_width\":\"1210\",\"padding\":\"none\",\"position_sticky_breakpoint\":\"m\",\"style\":\"tile-secondary\",\"width_medium\":\"1-2\"}},{\"type\":\"column\",\"props\":{\"image_position\":\"center-center\",\"padding\":\"xlarge\",\"position_sticky_breakpoint\":\"m\",\"style\":\"tile-secondary\",\"width_medium\":\"1-2\"},\"children\":[{\"type\":\"headline\",\"props\":{\"block_align\":\"center\",\"content\":\"Nosotros\",\"maxwidth\":\"xlarge\",\"maxwidth_breakpoint\":\"m\",\"title_color\":\"emphasis\",\"title_element\":\"h1\",\"title_style\":\"h6\"}},{\"type\":\"headline\",\"props\":{\"block_align\":\"center\",\"content\":\"Un equipo muy comprometido\",\"maxwidth\":\"xlarge\",\"maxwidth_breakpoint\":\"m\",\"title_element\":\"div\",\"title_style\":\"heading-small\"}},{\"type\":\"text\",\"props\":{\"block_align\":\"center\",\"column_breakpoint\":\"m\",\"content\":\"\n\n<p>En nuestra organizaci\\u00f3n, estamos comprometidos con el bienestar de los ni\\u00f1os a trav\\u00e9s de la m\\u00fasica. Creemos en el poder transformador de la m\\u00fasica para fomentar el desarrollo emocional, social y cognitivo. Ofrecemos programas musicales que permiten a los ni\\u00f1os explorar su creatividad, desarrollar habilidades y expresar sus emociones de manera positiva. Trabajamos con comunidades y escuelas para asegurar que cada ni\\u00f1o tenga a clases y actividades musicales enriquecedoras. Nuestro objetivo es inspirar a cada ni\\u00f1o a descubrir su pasi\\u00f3n por la m\\u00fasica y utilizarla como una herramienta para su crecimiento y felicidad.<\\\/p>\",\"margin\":\"medium\",\"maxwidth\":\"xlarge\",\"maxwidth_breakpoint\":\"m\"}}]}]}]},{\"name\":\"Team Amsterdam\",\"type\":\"section\",\"props\":{\"animation\":\"slide-left-small\",\"animation_delay\":\"200\",\"id\":\"amsterdam\",\"image_position\":\"center-center\",\"padding\":\"xlarge\",\"style\":\"default\",\"title_breakpoint\":\"xl\",\"title_position\":\"top-left\",\"title_rotation\":\"left\",\"vertical_align\":\"middle\",\"width\":\"xlarge\"},\"children\":[{\"type\":\"row\",\"props\":{\"layout\":\"1-3,2-3\"},\"children\":[{\"type\":\"column\",\"props\":{\"image_position\":\"center-center\",\"position_sticky_breakpoint\":\"m\",\"width_large\":\"1-3\"},\"children\":[{\"type\":\"headline\",\"props\":{\"content\":\"Los Palacios y Villfranca\",\"margin\":\"medium\",\"margin_remove_bottom\":false,\"margin_remove_top\":true,\"title_color\":\"primary\",\"title_element\":\"h2\",\"title_style\":\"heading-medium\"}},{\"type\":\"text\",\"props\":{\"column_breakpoint\":\"m\",\"content\":\"\n\n<p>\\u2022 Coro de ni\\u00f1os y ni\\u00f1as de 4 a 18 a\\u00f1os.<\\\/p>\",\"margin\":\"\",\"margin_remove_top\":true}},{\"type\":\"list\",\"props\":{\"column_breakpoint\":\"m\",\"image_align\":\"left\",\"image_svg_color\":\"emphasis\",\"image_vertical_align\":true,\"link_style\":\"text\",\"list_element\":\"ul\",\"list_horizontal_separator\":\", \",\"list_type\":\"vertical\",\"show_image\":true,\"show_link\":true},\"children\":[{\"type\":\"list_item\",\"props\":{\"content\":\"\n\n<p>(+34) 652 59 90 08<\\\/p>\",\"icon\":\"receiver\",\"link\":\"tel:+44555000015\"}},{\"type\":\"list_item\",\"props\":{\"content\":\"\n\n<p>(+34) 635 21 05 38<\\\/p>\",\"icon\":\"receiver\",\"link\":\"tel:+44555000015\"}},{\"type\":\"list_item\",\"props\":{\"content\":\"\n\n<p>enrique.cabello@ymail.com<\\\/p>\",\"icon\":\"mail\",\"link\":\"mailto:amsterdam@example.com\"}}]}]},{\"type\":\"column\",\"props\":{\"image_position\":\"center-center\",\"position_sticky_breakpoint\":\"m\",\"width_large\":\"2-3\"},\"children\":[{\"type\":\"gallery\",\"props\":{\"filter_align\":\"left\",\"filter_all\":true,\"filter_grid_breakpoint\":\"m\",\"filter_grid_width\":\"auto\",\"filter_position\":\"top\",\"filter_style\":\"tab\",\"grid_column_gap\":\"small\",\"grid_default\":\"1\",\"grid_medium\":\"\",\"grid_row_gap\":\"small\",\"grid_small\":\"2\",\"image_height\":\"380\",\"image_width\":\"630\",\"item_animation\":true,\"link_style\":\"default\",\"link_text\":\"\",\"margin\":\"\",\"meta_align\":\"below-title\",\"meta_element\":\"div\",\"meta_margin\":\"remove\",\"meta_style\":\"text-meta\",\"overlay_hover\":true,\"overlay_link\":true,\"overlay_mode\":\"cover\",\"overlay_position\":\"center\",\"overlay_style\":\"overlay-primary\",\"overlay_transition\":\"fade\",\"parallax_easing\":\"1\",\"show_content\":true,\"show_hover_image\":true,\"show_link\":true,\"show_meta\":true,\"show_title\":true,\"text_align\":\"center\",\"text_color\":\"\",\"title_element\":\"h3\",\"title_hover_style\":\"reset\",\"title_style\":\"h4\"},\"children\":[{\"type\":\"gallery_item\",\"props\":{\"image\":\"wp-content\\\/uploads\\\/2024\\\/06\\\/enriquecabello.jpg\",\"link\":\"enrique-cabello-pavon\\\/\",\"meta\":\"Presidente fundador\",\"title\":\"Enrique Cabello Pav\\u00f3n \"}},{\"type\":\"gallery_item\",\"props\":{\"image\":\"wp-content\\\/uploads\\\/2024\\\/06\\\/algarin.jpg\",\"link\":\"juan_manuel_busto_algarin\\\/\",\"meta\":\"Director de orquesta y compositor\",\"title\":\"Juan Manuel Busto Algar\\u00edn\"}}]},{\"type\":\"gallery\",\"props\":{\"filter_align\":\"left\",\"filter_all\":true,\"filter_grid_breakpoint\":\"m\",\"filter_grid_width\":\"auto\",\"filter_position\":\"top\",\"filter_style\":\"tab\",\"grid_column_gap\":\"small\",\"grid_default\":\"1\",\"grid_medium\":\"\",\"grid_row_gap\":\"small\",\"grid_small\":\"2\",\"image_height\":\"380\",\"image_width\":\"630\",\"item_animation\":true,\"link_style\":\"default\",\"link_text\":\"\",\"margin\":\"\",\"meta_align\":\"below-title\",\"meta_element\":\"div\",\"meta_margin\":\"remove\",\"meta_style\":\"text-meta\",\"overlay_hover\":true,\"overlay_link\":true,\"overlay_mode\":\"cover\",\"overlay_position\":\"center\",\"overlay_style\":\"overlay-primary\",\"overlay_transition\":\"fade\",\"parallax_easing\":\"1\",\"show_content\":true,\"show_hover_image\":true,\"show_link\":true,\"show_meta\":true,\"show_title\":true,\"text_align\":\"center\",\"text_color\":\"\",\"title_element\":\"h3\",\"title_hover_style\":\"reset\",\"title_style\":\"h4\"},\"children\":[{\"type\":\"gallery_item\",\"props\":{\"image\":\"wp-content\\\/uploads\\\/2024\\\/06\\\/pilar.jpg\",\"link\":\"dianna-briggs\\\/\",\"meta\":\"Pianista\",\"title\":\"Pilar Exp\\u00f3sito \"}},{\"type\":\"gallery_item\",\"props\":{\"image\":\"wp-content\\\/uploads\\\/2024\\\/06\\\/pilarexposito.jpg\",\"link\":\"tatiana_postnikova\\\/\",\"meta\":\"Pianista\",\"title\":\"Tatiana Postnikova \"}}]}]}]}]}],\"version\":\"4.3.13\"} --><\/p>\n","protected":false},"excerpt":{"rendered":"<p>Nosotros Un equipo muy comprometido En nuestra organizaci\u00f3n, estamos comprometidos con el bienestar de los ni\u00f1os a trav\u00e9s de la m\u00fasica. Creemos en el poder transformador de la m\u00fasica para fomentar el desarrollo emocional, social y cognitivo. Ofrecemos programas musicales que permiten a los ni\u00f1os explorar su creatividad, desarrollar habilidades y expresar sus emociones de [&hellip;]<\/p>\n","protected":false},"author":1,"featured_media":0,"parent":0,"menu_order":12,"comment_status":"open","ping_status":"open","template":"","meta":{"_acf_changed":false,"footnotes":""},"class_list":["post-8","page","type-page","status-publish","hentry"],"acf":[],"jetpack_sharing_enabled":true,"_links":{"self":[{"href":"https:\/\/www.escolaniadelospalacios.es\/new\/wp-json\/wp\/v2\/pages\/8","targetHints":{"allow":["GET"]}}],"collection":[{"href":"https:\/\/www.escolaniadelospalacios.es\/new\/wp-json\/wp\/v2\/pages"}],"about":[{"href":"https:\/\/www.escolaniadelospalacios.es\/new\/wp-json\/wp\/v2\/types\/page"}],"author":[{"embeddable":true,"href":"https:\/\/www.escolaniadelospalacios.es\/new\/wp-json\/wp\/v2\/users\/1"}],"replies":[{"embeddable":true,"href":"https:\/\/www.escolaniadelospalacios.es\/new\/wp-json\/wp\/v2\/comments?post=8"}],"version-history":[{"count":10,"href":"https:\/\/www.escolaniadelospalacios.es\/new\/wp-json\/wp\/v2\/pages\/8\/revisions"}],"predecessor-version":[{"id":1285,"href":"https:\/\/www.escolaniadelospalacios.es\/new\/wp-json\/wp\/v2\/pages\/8\/revisions\/1285"}],"wp:attachment":[{"href":"https:\/\/www.escolaniadelospalacios.es\/new\/wp-json\/wp\/v2\/media?parent=8"}],"curies":[{"name":"wp","href":"https:\/\/api.w.org\/{rel}","templated":true}]}}